{"id":857,"date":"2026-04-07T22:03:31","date_gmt":"2026-04-08T01:03:31","guid":{"rendered":"https:\/\/pikapika.com.uy\/?post_type=product&#038;p=857"},"modified":"2026-04-07T22:04:06","modified_gmt":"2026-04-08T01:04:06","slug":"esfera-del-dragon-1-2","status":"publish","type":"product","link":"https:\/\/pikapika.com.uy\/index.php\/product\/esfera-del-dragon-1-2\/","title":{"rendered":"ESFERA DEL DRAGON 1"},"content":{"rendered":"<p>Desmorugador Esfera del Drag\u00f3n de PIKA PIKA: Desmorugador Esfera del Drag\u00f3n \u2013 Edici\u00f3n Legendaria para Guerreros Verdes \u00bfEres un verdadero saiyajin del humo sagrado? Entonces prep\u00e1rate para invocar la magia con nuestro Desmorugador con forma de Esfera del Drag\u00f3n, una pieza legendaria que fusiona el universo de Dragon Ball con el ritual verde de todos los d\u00edas. Creados en imprecion 3D con PLA (Pl\u00e1stico biodegradable, de origen vegetal, apto gastron\u00f3mico que se usa para la impresi\u00f3n 3D)<\/p>\n<p>Esta esfera no convoca a Shenlong, \u00a1pero s\u00ed garantiza sesiones \u00e9picas! Forjada con precisi\u00f3n en impresi\u00f3n 3D y pintada a mano con detalles fieles al anime, esta esfera naranja brillante con sus estrellas rojas es m\u00e1s que un grinder: es un s\u00edmbolo de poder herbal.<\/p>\n<p>&#8211; Tama\u00f1o ideal: cabe perfectamente en la palma de tu mano, como si estuvieras a punto de hacer un Kamehameha.<\/p>\n<p>&#8211; Dientes afilados y resistentes: desmorona tu hierba como Freezer despedaza planetas.<\/p>\n<p>&#8211; F\u00e1cil de abrir y cerrar: con cierre magn\u00e9tico que asegura una molienda sin derrames, ni siquiera en Namek.<\/p>\n<p>&#8211; Dise\u00f1o \u00fanico: cada esfera tiene entre 1 y 7 estrellas, colecciona todas y\u2026 bueno, \u00a1t\u00fa sabes lo que desear\u00edas!<\/p>\n<p>Fabricado en PLA (Pl\u00e1stico biodegradable, de origen vegetal, apto para uso gastron\u00f3mico y utilizado en la impresi\u00f3n 3D)<\/p>\n","protected":false},"excerpt":{"rendered":"<p>Desmorugador Esfera del Drag\u00f3n de PIKA PIKA:<br \/>\nDesmorugador Esfera del Drag\u00f3n \u2013 Edici\u00f3n Legendaria para Guerreros Verdes<\/p>\n<p>\u00bfEres un verdadero saiyajin del humo sagrado? Entonces prep\u00e1rate para invocar la magia con nuestro Desmorugador con forma de Esfera del Drag\u00f3n, una pieza legendaria que fusiona el universo de Dragon Ball con el ritual verde de todos los d\u00edas.<\/p>\n","protected":false},"featured_media":858,"comment_status":"open","ping_status":"closed","template":"","meta":[],"product_brand":[],"product_cat":[34],"product_tag":[],"class_list":{"0":"post-857","1":"product","2":"type-product","3":"status-publish","4":"has-post-thumbnail","6":"product_cat-edicion-especial","8":"first","9":"instock","10":"taxable","11":"shipping-taxable","12":"purchasable","13":"product-type-simple"},"_links":{"self":[{"href":"https:\/\/pikapika.com.uy\/index.php\/wp-json\/wp\/v2\/product\/857","targetHints":{"allow":["GET"]}}],"collection":[{"href":"https:\/\/pikapika.com.uy\/index.php\/wp-json\/wp\/v2\/product"}],"about":[{"href":"https:\/\/pikapika.com.uy\/index.php\/wp-json\/wp\/v2\/types\/product"}],"replies":[{"embeddable":true,"href":"https:\/\/pikapika.com.uy\/index.php\/wp-json\/wp\/v2\/comments?post=857"}],"wp:featuredmedia":[{"embeddable":true,"href":"https:\/\/pikapika.com.uy\/index.php\/wp-json\/wp\/v2\/media\/858"}],"wp:attachment":[{"href":"https:\/\/pikapika.com.uy\/index.php\/wp-json\/wp\/v2\/media?parent=857"}],"wp:term":[{"taxonomy":"product_brand","embeddable":true,"href":"https:\/\/pikapika.com.uy\/index.php\/wp-json\/wp\/v2\/product_brand?post=857"},{"taxonomy":"product_cat","embeddable":true,"href":"https:\/\/pikapika.com.uy\/index.php\/wp-json\/wp\/v2\/product_cat?post=857"},{"taxonomy":"product_tag","embeddable":true,"href":"https:\/\/pikapika.com.uy\/index.php\/wp-json\/wp\/v2\/product_tag?post=857"}],"curies":[{"name":"wp","href":"https:\/\/api.w.org\/{rel}","templated":true}]}}